{"id":11486,"date":"2022-04-30T14:07:42","date_gmt":"2022-04-30T12:07:42","guid":{"rendered":"https:\/\/lederreiniger-online.de\/?post_type=product&#038;p=11486"},"modified":"2024-10-15T17:57:40","modified_gmt":"2024-10-15T15:57:40","slug":"deep2suck-xtrm-deep-throat-spray-30ml","status":"publish","type":"product","link":"https:\/\/lo.novatask.biz\/en\/product\/deep2suck-xtrm-deep-throat-spray-30ml\/","title":{"rendered":"Deep2Suck XTRM Deep Throat Spray 30ml"},"content":{"rendered":"<p><span data-sheets-value=\"{&quot;1&quot;:2,&quot;2&quot;:&quot;The Deep Throat Spray Deep2Suck by XTRM helps you with very deep blowjobs. Even experienced pornstars in the gay and straight industry use this spray in your work. The spray can reduce your gag reflex. Reach the level of a porn star and surprise your partner with it. Usage: spray 2-3 times in the back of the throat and wait 30 seconds for the effect to kick in. You will feel a slight minty taste and a slight tingling sensation. The spray is made in Germany and fits in any pocket or luggage.&quot;}\" data-sheets-userformat=\"{&quot;2&quot;:515,&quot;3&quot;:{&quot;1&quot;:0},&quot;4&quot;:{&quot;1&quot;:2,&quot;2&quot;:65535},&quot;12&quot;:0}\">The Deep Throat Spray Deep2Suck by XTRM helps you with very deep blowjobs. Even experienced pornstars in the gay and straight industry use this spray in your work. The spray can reduce your gag reflex. Reach the level of a porn star and surprise your partner with it. Usage: spray 2-3 times in the back of the throat and wait 30 seconds for the effect to kick in. You will feel a slight minty taste and a slight tingling sensation. The spray is made in Germany and fits in any pocket or luggage.<\/span><\/p>\n","protected":false},"excerpt":{"rendered":"<p><span data-sheets-value=\"{\"1\":2,\"2\":\"Der Deep Throat Spray Deep2Suck von XTRM hilft Dir bei sehr tiefen Blowjobs. Selbst erfahrene Pornostars in der Gay- und Hetero-Branche nutzen diesen Spray bei Ihrer Arbeit. Der Spray kann Deinen W\u00fcrgereflex reduzieren. Erreiche so das Niveau eines Pornostars und \u00fcberrasche Deinen Partner damit. Anwendung: 2 - 3 Mal in den hinteren Teil des Rachens spr\u00fchen und 30 Sekunden warten bis die Wirkung einsetzt. Du sp\u00fcrst einen leichten Minzgeschmack und ein leichtes Kribbeln. Der Spray wird in Deutschland hergestellt und passt in jede Hosentasche oder in das Reisegep\u00e4ck.\"}\" data-sheets-userformat=\"{\"2\":14851,\"3\":{\"1\":0},\"4\":{\"1\":2,\"2\":65535},\"12\":0,\"14\":{\"1\":2,\"2\":0},\"15\":\"Arial\",\"16\":11}\">The Deep2Suck XTRM Deep Throat Spray 30ml by XTRM helps you with very deep blowjobs. Even experienced porn stars in the gay and straight industry use this spray in your work. The spray can reduce your gag reflex. Reach the level of a porn star and surprise your partner with it. Application: Spray 2 &#8211; 3 times in the back of the throat and wait 30 seconds for the effect to begin. You feel a slight minty taste and a slight tingling sensation. Soothe your throat with it and you&#8217;ll be amazed at how much more you can take in all the way. The Deep2Suck XTRM Deep Throat Spray 30ml is made in Germany and fits in any pocket or luggage.<br \/>\n<\/span><\/p>\n","protected":false},"featured_media":62155,"comment_status":"open","ping_status":"closed","template":"","meta":{"_acf_changed":false,"_glsr_average":0,"_glsr_ranking":0,"_glsr_reviews":0},"product_brand":[],"product_cat":[164,715],"product_tag":[],"class_list":{"0":"post-11486","1":"product","2":"type-product","3":"status-publish","4":"has-post-thumbnail","6":"product_cat-drug-store","7":"product_cat-helpers","9":"first","10":"instock","11":"taxable","12":"shipping-taxable","13":"purchasable","14":"product-type-simple"},"acf":[],"tiered_pricing_type":"fixed","tiered_pricing_fixed_rules":[],"tiered_pricing_product_settings":{"layout":"default","base_unit_name":{"singular":null,"plural":null},"default_variation":null},"tiered_pricing_minimum_quantity":null,"tiered_pricing_roles_data":[],"tiered_pricing_percentage_rules":[],"tiered_pricing_maximum_quantity":null,"tiered_pricing_quantity_step":null,"_links":{"self":[{"href":"https:\/\/lo.novatask.biz\/en\/wp-json\/wp\/v2\/product\/11486","targetHints":{"allow":["GET"]}}],"collection":[{"href":"https:\/\/lo.novatask.biz\/en\/wp-json\/wp\/v2\/product"}],"about":[{"href":"https:\/\/lo.novatask.biz\/en\/wp-json\/wp\/v2\/types\/product"}],"replies":[{"embeddable":true,"href":"https:\/\/lo.novatask.biz\/en\/wp-json\/wp\/v2\/comments?post=11486"}],"wp:featuredmedia":[{"embeddable":true,"href":"https:\/\/lo.novatask.biz\/en\/wp-json\/wp\/v2\/media\/62155"}],"wp:attachment":[{"href":"https:\/\/lo.novatask.biz\/en\/wp-json\/wp\/v2\/media?parent=11486"}],"wp:term":[{"taxonomy":"product_brand","embeddable":true,"href":"https:\/\/lo.novatask.biz\/en\/wp-json\/wp\/v2\/product_brand?post=11486"},{"taxonomy":"product_cat","embeddable":true,"href":"https:\/\/lo.novatask.biz\/en\/wp-json\/wp\/v2\/product_cat?post=11486"},{"taxonomy":"product_tag","embeddable":true,"href":"https:\/\/lo.novatask.biz\/en\/wp-json\/wp\/v2\/product_tag?post=11486"}],"curies":[{"name":"wp","href":"https:\/\/api.w.org\/{rel}","templated":true}]}}